{"id":979,"date":"2021-12-16T03:29:35","date_gmt":"2021-12-16T03:29:35","guid":{"rendered":"https:\/\/shtheme.org\/demosd\/uricko\/?post_type=product&amp;p=523"},"modified":"2025-10-31T09:41:25","modified_gmt":"2025-10-31T09:41:25","slug":"business-02","status":"publish","type":"product","link":"https:\/\/2a1k.com.tr\/ikportal\/product\/business-02\/","title":{"rendered":"Business 02"},"content":{"rendered":"<p>Duis sed odio sit amet nibh vulputate cursus a sit ameaccumsan ipsuy veli Nam nec tellus a odio tincdunt il tora torquperauris ine odio condimentum sit libero am lorem thats ornare, Duis sed odio sit amet nibh vulputate cursus a sit ameaccumsan ipsuy veli Nam nec tellus a odio tincdunt il tora torquperauris ine odio condimentum sit libero am lorem thats ornare.<\/p>\n<p>Duis sed odio sit amet nibh vulputate cursus a sit ameaccumsan ipsuy veli Nam nec tellus a odio tincdunt il tora torquperauris ine odio condimentum sit libero am lorem thats ornare.<\/p>\n","protected":false},"excerpt":{"rendered":"<p>Duis sed odio sit amet nibh vulputate cursus a sit ameaccumsan ipsuy veli Nam nec tellus a odio tincdunt il tora torquperauris ine odio condimentum sit libero am lorem thats ornare.<\/p>\n","protected":false},"featured_media":938,"comment_status":"open","ping_status":"closed","template":"","meta":{"_regular_price":["39"],"currency_symbol":[],"_monsterinsights_skip_tracking":false,"_monsterinsights_sitenote_active":false,"_monsterinsights_sitenote_note":"","_monsterinsights_sitenote_category":0},"product_brand":[],"product_cat":[1516],"product_tag":[1510,1512],"class_list":{"0":"post-979","1":"product","2":"type-product","3":"status-publish","4":"has-post-thumbnail","6":"product_cat-strategy","7":"product_tag-finance","8":"product_tag-idea","10":"first","11":"instock","12":"shipping-taxable","13":"purchasable","14":"product-type-simple"},"post_slider_layout_featured_media_urls":{"thumbnail":["https:\/\/2a1k.com.tr\/ikportal\/wp-content\/uploads\/2021\/12\/1-1-150x150.jpg",150,150,true],"post_slider_layout_landscape_large":["https:\/\/2a1k.com.tr\/ikportal\/wp-content\/uploads\/2021\/12\/1-1.jpg",270,270,false],"post_slider_layout_portrait_large":["https:\/\/2a1k.com.tr\/ikportal\/wp-content\/uploads\/2021\/12\/1-1.jpg",270,270,false],"post_slider_layout_square_large":["https:\/\/2a1k.com.tr\/ikportal\/wp-content\/uploads\/2021\/12\/1-1.jpg",270,270,false],"post_slider_layout_landscape":["https:\/\/2a1k.com.tr\/ikportal\/wp-content\/uploads\/2021\/12\/1-1.jpg",270,270,false],"post_slider_layout_portrait":["https:\/\/2a1k.com.tr\/ikportal\/wp-content\/uploads\/2021\/12\/1-1.jpg",270,270,false],"post_slider_layout_square":["https:\/\/2a1k.com.tr\/ikportal\/wp-content\/uploads\/2021\/12\/1-1.jpg",270,270,false],"full":["https:\/\/2a1k.com.tr\/ikportal\/wp-content\/uploads\/2021\/12\/1-1.jpg",270,270,false]},"yoast_head":"<!-- This site is optimized with the Yoast SEO plugin v26.4 - https:\/\/yoast.com\/wordpress\/plugins\/seo\/ -->\n<title>Business 02 - \u0130k Portal\u0131<\/title>\n<meta name=\"robots\" content=\"index, follow, max-snippet:-1, max-image-preview:large, max-video-preview:-1\" \/>\n<link rel=\"canonical\" href=\"https:\/\/2a1k.com.tr\/ikportal\/product\/business-02\/\" \/>\n<meta property=\"og:locale\" content=\"tr_TR\" \/>\n<meta property=\"og:type\" content=\"article\" \/>\n<meta property=\"og:title\" content=\"Business 02 - \u0130k Portal\u0131\" \/>\n<meta property=\"og:description\" content=\"Duis sed odio sit amet nibh vulputate cursus a sit ameaccumsan ipsuy veli Nam nec tellus a odio tincdunt il tora torquperauris ine odio condimentum sit libero am lorem thats ornare.\" \/>\n<meta property=\"og:url\" content=\"https:\/\/2a1k.com.tr\/ikportal\/product\/business-02\/\" \/>\n<meta property=\"og:site_name\" content=\"\u0130k Portal\u0131\" \/>\n<meta property=\"article:modified_time\" content=\"2025-10-31T09:41:25+00:00\" \/>\n<meta property=\"og:image\" content=\"https:\/\/2a1k.com.tr\/ikportal\/wp-content\/uploads\/2021\/12\/1-1.jpg\" \/>\n\t<meta property=\"og:image:width\" content=\"270\" \/>\n\t<meta property=\"og:image:height\" content=\"270\" \/>\n\t<meta property=\"og:image:type\" content=\"image\/jpeg\" \/>\n<meta name=\"twitter:card\" content=\"summary_large_image\" \/>\n<script type=\"application\/ld+json\" class=\"yoast-schema-graph\">{\"@context\":\"https:\/\/schema.org\",\"@graph\":[{\"@type\":\"WebPage\",\"@id\":\"https:\/\/2a1k.com.tr\/ikportal\/product\/business-02\/\",\"url\":\"https:\/\/2a1k.com.tr\/ikportal\/product\/business-02\/\",\"name\":\"Business 02 - \u0130k Portal\u0131\",\"isPartOf\":{\"@id\":\"https:\/\/2a1k.com.tr\/ikportal\/#website\"},\"primaryImageOfPage\":{\"@id\":\"https:\/\/2a1k.com.tr\/ikportal\/product\/business-02\/#primaryimage\"},\"image\":{\"@id\":\"https:\/\/2a1k.com.tr\/ikportal\/product\/business-02\/#primaryimage\"},\"thumbnailUrl\":\"https:\/\/2a1k.com.tr\/ikportal\/wp-content\/uploads\/2021\/12\/1-1.jpg\",\"datePublished\":\"2021-12-16T03:29:35+00:00\",\"dateModified\":\"2025-10-31T09:41:25+00:00\",\"breadcrumb\":{\"@id\":\"https:\/\/2a1k.com.tr\/ikportal\/product\/business-02\/#breadcrumb\"},\"inLanguage\":\"tr\",\"potentialAction\":[{\"@type\":\"ReadAction\",\"target\":[\"https:\/\/2a1k.com.tr\/ikportal\/product\/business-02\/\"]}]},{\"@type\":\"ImageObject\",\"inLanguage\":\"tr\",\"@id\":\"https:\/\/2a1k.com.tr\/ikportal\/product\/business-02\/#primaryimage\",\"url\":\"https:\/\/2a1k.com.tr\/ikportal\/wp-content\/uploads\/2021\/12\/1-1.jpg\",\"contentUrl\":\"https:\/\/2a1k.com.tr\/ikportal\/wp-content\/uploads\/2021\/12\/1-1.jpg\",\"width\":270,\"height\":270},{\"@type\":\"BreadcrumbList\",\"@id\":\"https:\/\/2a1k.com.tr\/ikportal\/product\/business-02\/#breadcrumb\",\"itemListElement\":[{\"@type\":\"ListItem\",\"position\":1,\"name\":\"Anasayfa\",\"item\":\"https:\/\/2a1k.com.tr\/ikportal\/\"},{\"@type\":\"ListItem\",\"position\":2,\"name\":\"\u00dcr\u00fcnler\",\"item\":\"https:\/\/2a1k.com.tr\/ikportal\/shop\/\"},{\"@type\":\"ListItem\",\"position\":3,\"name\":\"Business 02\"}]},{\"@type\":\"WebSite\",\"@id\":\"https:\/\/2a1k.com.tr\/ikportal\/#website\",\"url\":\"https:\/\/2a1k.com.tr\/ikportal\/\",\"name\":\"\u0130k Portal\u0131\",\"description\":\"\u0130k ile \u0130lgili Her\u015fey\",\"publisher\":{\"@id\":\"https:\/\/2a1k.com.tr\/ikportal\/#\/schema\/person\/07d8bea4b00871c2d1de1c6fe2310433\"},\"potentialAction\":[{\"@type\":\"SearchAction\",\"target\":{\"@type\":\"EntryPoint\",\"urlTemplate\":\"https:\/\/2a1k.com.tr\/ikportal\/?s={search_term_string}\"},\"query-input\":{\"@type\":\"PropertyValueSpecification\",\"valueRequired\":true,\"valueName\":\"search_term_string\"}}],\"inLanguage\":\"tr\"},{\"@type\":[\"Person\",\"Organization\"],\"@id\":\"https:\/\/2a1k.com.tr\/ikportal\/#\/schema\/person\/07d8bea4b00871c2d1de1c6fe2310433\",\"name\":\"Okan\",\"image\":{\"@type\":\"ImageObject\",\"inLanguage\":\"tr\",\"@id\":\"https:\/\/2a1k.com.tr\/ikportal\/#\/schema\/person\/image\/\",\"url\":\"http:\/\/2a1k.com.tr\/ikportal\/wp-content\/uploads\/2025\/10\/PHOTO-2025-04-22-18-53-36.jpg\",\"contentUrl\":\"http:\/\/2a1k.com.tr\/ikportal\/wp-content\/uploads\/2025\/10\/PHOTO-2025-04-22-18-53-36.jpg\",\"width\":1293,\"height\":744,\"caption\":\"Okan\"},\"logo\":{\"@id\":\"https:\/\/2a1k.com.tr\/ikportal\/#\/schema\/person\/image\/\"},\"sameAs\":[\"http:\/\/2a1k.com.tr\/ikportal\"]}]}<\/script>\n<!-- \/ Yoast SEO plugin. -->","yoast_head_json":{"title":"Business 02 - \u0130k Portal\u0131","robots":{"index":"index","follow":"follow","max-snippet":"max-snippet:-1","max-image-preview":"max-image-preview:large","max-video-preview":"max-video-preview:-1"},"canonical":"https:\/\/2a1k.com.tr\/ikportal\/product\/business-02\/","og_locale":"tr_TR","og_type":"article","og_title":"Business 02 - \u0130k Portal\u0131","og_description":"Duis sed odio sit amet nibh vulputate cursus a sit ameaccumsan ipsuy veli Nam nec tellus a odio tincdunt il tora torquperauris ine odio condimentum sit libero am lorem thats ornare.","og_url":"https:\/\/2a1k.com.tr\/ikportal\/product\/business-02\/","og_site_name":"\u0130k Portal\u0131","article_modified_time":"2025-10-31T09:41:25+00:00","og_image":[{"width":270,"height":270,"url":"https:\/\/2a1k.com.tr\/ikportal\/wp-content\/uploads\/2021\/12\/1-1.jpg","type":"image\/jpeg"}],"twitter_card":"summary_large_image","schema":{"@context":"https:\/\/schema.org","@graph":[{"@type":"WebPage","@id":"https:\/\/2a1k.com.tr\/ikportal\/product\/business-02\/","url":"https:\/\/2a1k.com.tr\/ikportal\/product\/business-02\/","name":"Business 02 - \u0130k Portal\u0131","isPartOf":{"@id":"https:\/\/2a1k.com.tr\/ikportal\/#website"},"primaryImageOfPage":{"@id":"https:\/\/2a1k.com.tr\/ikportal\/product\/business-02\/#primaryimage"},"image":{"@id":"https:\/\/2a1k.com.tr\/ikportal\/product\/business-02\/#primaryimage"},"thumbnailUrl":"https:\/\/2a1k.com.tr\/ikportal\/wp-content\/uploads\/2021\/12\/1-1.jpg","datePublished":"2021-12-16T03:29:35+00:00","dateModified":"2025-10-31T09:41:25+00:00","breadcrumb":{"@id":"https:\/\/2a1k.com.tr\/ikportal\/product\/business-02\/#breadcrumb"},"inLanguage":"tr","potentialAction":[{"@type":"ReadAction","target":["https:\/\/2a1k.com.tr\/ikportal\/product\/business-02\/"]}]},{"@type":"ImageObject","inLanguage":"tr","@id":"https:\/\/2a1k.com.tr\/ikportal\/product\/business-02\/#primaryimage","url":"https:\/\/2a1k.com.tr\/ikportal\/wp-content\/uploads\/2021\/12\/1-1.jpg","contentUrl":"https:\/\/2a1k.com.tr\/ikportal\/wp-content\/uploads\/2021\/12\/1-1.jpg","width":270,"height":270},{"@type":"BreadcrumbList","@id":"https:\/\/2a1k.com.tr\/ikportal\/product\/business-02\/#breadcrumb","itemListElement":[{"@type":"ListItem","position":1,"name":"Anasayfa","item":"https:\/\/2a1k.com.tr\/ikportal\/"},{"@type":"ListItem","position":2,"name":"\u00dcr\u00fcnler","item":"https:\/\/2a1k.com.tr\/ikportal\/shop\/"},{"@type":"ListItem","position":3,"name":"Business 02"}]},{"@type":"WebSite","@id":"https:\/\/2a1k.com.tr\/ikportal\/#website","url":"https:\/\/2a1k.com.tr\/ikportal\/","name":"\u0130k Portal\u0131","description":"\u0130k ile \u0130lgili Her\u015fey","publisher":{"@id":"https:\/\/2a1k.com.tr\/ikportal\/#\/schema\/person\/07d8bea4b00871c2d1de1c6fe2310433"},"potentialAction":[{"@type":"SearchAction","target":{"@type":"EntryPoint","urlTemplate":"https:\/\/2a1k.com.tr\/ikportal\/?s={search_term_string}"},"query-input":{"@type":"PropertyValueSpecification","valueRequired":true,"valueName":"search_term_string"}}],"inLanguage":"tr"},{"@type":["Person","Organization"],"@id":"https:\/\/2a1k.com.tr\/ikportal\/#\/schema\/person\/07d8bea4b00871c2d1de1c6fe2310433","name":"Okan","image":{"@type":"ImageObject","inLanguage":"tr","@id":"https:\/\/2a1k.com.tr\/ikportal\/#\/schema\/person\/image\/","url":"http:\/\/2a1k.com.tr\/ikportal\/wp-content\/uploads\/2025\/10\/PHOTO-2025-04-22-18-53-36.jpg","contentUrl":"http:\/\/2a1k.com.tr\/ikportal\/wp-content\/uploads\/2025\/10\/PHOTO-2025-04-22-18-53-36.jpg","width":1293,"height":744,"caption":"Okan"},"logo":{"@id":"https:\/\/2a1k.com.tr\/ikportal\/#\/schema\/person\/image\/"},"sameAs":["http:\/\/2a1k.com.tr\/ikportal"]}]}},"_links":{"self":[{"href":"https:\/\/2a1k.com.tr\/ikportal\/wp-json\/wp\/v2\/product\/979","targetHints":{"allow":["GET"]}}],"collection":[{"href":"https:\/\/2a1k.com.tr\/ikportal\/wp-json\/wp\/v2\/product"}],"about":[{"href":"https:\/\/2a1k.com.tr\/ikportal\/wp-json\/wp\/v2\/types\/product"}],"replies":[{"embeddable":true,"href":"https:\/\/2a1k.com.tr\/ikportal\/wp-json\/wp\/v2\/comments?post=979"}],"wp:featuredmedia":[{"embeddable":true,"href":"https:\/\/2a1k.com.tr\/ikportal\/wp-json\/wp\/v2\/media\/938"}],"wp:attachment":[{"href":"https:\/\/2a1k.com.tr\/ikportal\/wp-json\/wp\/v2\/media?parent=979"}],"wp:term":[{"taxonomy":"product_brand","embeddable":true,"href":"https:\/\/2a1k.com.tr\/ikportal\/wp-json\/wp\/v2\/product_brand?post=979"},{"taxonomy":"product_cat","embeddable":true,"href":"https:\/\/2a1k.com.tr\/ikportal\/wp-json\/wp\/v2\/product_cat?post=979"},{"taxonomy":"product_tag","embeddable":true,"href":"https:\/\/2a1k.com.tr\/ikportal\/wp-json\/wp\/v2\/product_tag?post=979"}],"curies":[{"name":"wp","href":"https:\/\/api.w.org\/{rel}","templated":true}]}}